{"id":171,"date":"2023-09-15T19:07:49","date_gmt":"2023-09-15T19:07:49","guid":{"rendered":"https:\/\/bonjourjames.awsus3.cdn-alpha.com\/privacy-policy\/"},"modified":"2023-10-18T16:53:30","modified_gmt":"2023-10-18T16:53:30","slug":"politique-de-confidentialite","status":"publish","type":"page","link":"https:\/\/www.bonjourjames.com\/fr\/politique-de-confidentialite\/","title":{"rendered":"Politique de confidentialit\u00e9"},"content":{"rendered":"<section class=\"wpb-content-wrapper\"><p>[vc_row css=\u00a0\u00bb.vc_custom_1695076511941{padding-top: 100px !important;}\u00a0\u00bb][vc_column][vc_column_text el_id=\u00a0\u00bbprivacy_policy\u00a0\u00bb]<\/p>\n<h1 style=\"color: black; font-size: 38px;\">Politique de confidentialit\u00e9<\/h1>\n<p>Derni\u00e8re mise \u00e0 jour : 18 septembre, 2023<\/p>\n<h2 style=\"color: black; font-size: 32px;\">Qui nous sommes<\/h2>\n<p>Apprenez-en davantage sur nous \u00e0 l\u2019adresse : https:\/\/www.vitaassure.com.<\/p>\n<h2 style=\"color: black; font-size: 32px;\">Aper\u00e7u<\/h2>\n<p>Cette politique de confidentialit\u00e9 s\u2019applique uniquement aux renseignements receuillis \u00e0 travers notre site Web et non aux \u00e0 ceux collect\u00e9s hors ligne.<\/p>\n<h2 style=\"color: black; font-size: 32px;\">Consentement<\/h2>\n<p>En naviguant sur notre site, vous acceptez notre politique de confidentialit\u00e9.<\/p>\n<h2 style=\"color: black; font-size: 32px;\">Utilisons-nous des t\u00e9moins?<\/h2>\n<p>Comme de nombreux sites Web, nous utilisons des t\u00e9moins pour am\u00e9liorer votre exp\u00e9rience et pour recueillir de l\u2019information sur les visiteurs et les visites sur nos sites.<\/p>\n<p>Les t\u00e9moins sont des petits fichiers qu\u2019un site ou son fournisseur de services transf\u00e8re au disque dur de votre ordinateur \u00e0 travers votre navigateur Web (si vous l\u2019autorisez) pour permettre aux syst\u00e8mes du site ou de son fournisseur de services de reconna\u00eetre votre navigateur et d\u2019enregistrer certains renseignements. Les t\u00e9moins nous servent principalement \u00e0 compiler des donn\u00e9es globales\u00a0concernant les visites et l\u2019interaction sur le site, afin d\u2019am\u00e9liorer l\u2019exp\u00e9rience de navigation sur celui-ci.<\/p>\n<p>Il nous arrive de travailler avec des fournisseurs de services tiers qui nous aident \u00e0 mieux vous comprendre.\u00a0Ces fournisseurs de services ne sont pas autoris\u00e9s \u00e0 utiliser les informations recueillies sur notre site \u00e0 d\u2019autres fins que celles de mener \u00e0 bien nos activit\u00e9s et d\u2019am\u00e9liorer notre service.<\/p>\n<p>Vous pouvez choisir de bloquer compl\u00e8tement ces t\u00e9moins \u00e0 partir des param\u00e8tres de votre navigateur.<\/p>\n<h2 style=\"color: black; font-size: 32px;\">Est-ce que nous divulguons \u00e0 des tiers les renseignements recueillis?<\/h2>\n<p>Nous ne vendons, n\u2019\u00e9changeons, ni ne transf\u00e9rons \u00e0 des tiers vos renseignements d\u2019identification personnelle. Notez que les tiers qui nous aident \u00e0 exploiter le site Web (ex. partenaires d\u2019h\u00e9bergement du site) ont acc\u00e8s \u00e0 ces renseignements mais sont tenus de les garder confidentiels.<\/p>\n<p>Nous pouvons aussi divulguer vos renseignements personnels si requis pour\u00a0nous\u00a0conformer\u00a0\u00e0 la loi, appliquer\u00a0les politiques\u00a0de notre site ou prot\u00e9ger nos droits, propri\u00e9t\u00e9 ou s\u00e9curit\u00e9, ou ceux des autres.<\/p>\n<p>Les renseignements non personnels concernant vos visites peuvent \u00eatre divulgu\u00e9s \u00e0 des tiers \u00e0 des fins publicitaires, de mise en march\u00e9, ou autres.<\/p>\n<h2 style=\"color: black; font-size: 32px;\">Produits et services connexes de tierces parties<\/h2>\n<p>Le site web utilise Google Adwords, Google Analytics et Youtube pour acqu\u00e9rir du trafic web, analyser le trafic des pages web et diffuser des vid\u00e9os. Ces produits et\/ou services peuvent suivre et\/ou analyser vos adresses IP. Nous ne contr\u00f4lons pas l\u2019utilisation, le stockage, la conservation, le traitement ni la divulgation de vos informations par ces tierces parties, et la pr\u00e9sente politique de confidentialit\u00e9 ne s\u2019applique pas \u00e0 elles. Votre relation avec ces tierces parties sera g\u00e9n\u00e9ralement soumise \u00e0 leurs conditions g\u00e9n\u00e9rales distinctes ainsi qu\u2019\u00e0 leurs politiques ou d\u00e9clarations de confidentialit\u00e9, et nous vous recommandons d\u2019examiner attentivement ces documents avant de faire appel \u00e0 leurs produits ou services.<\/p>\n<h2 style=\"color: black; font-size: 32px;\">Liens vers des sites tiers<\/h2>\n<p>Dans le but de bonifier notre contenu, notre site contient des liens vers d\u2019autres sites Web. Ces sites ont des politiques de confidentialit\u00e9 diff\u00e9rentes et ind\u00e9pendantes de la n\u00f4tre. Nous ne sommes pas responsables du contenu ou des pratiques de ces sites.<\/p>\n<h2 style=\"color: black; font-size: 32px;\">Communiquez avec nous<\/h2>\n<p>Notre objectif est de rendre nos pratiques en mati\u00e8re de confidentialit\u00e9 faciles \u00e0 comprendre. Si vous avez des questions, des pr\u00e9occupations ou si vous souhaitez obtenir des informations plus d\u00e9taill\u00e9es, veuillez envoyer un courriel \u00e0 nos repr\u00e9sentants charg\u00e9s de la protection des donn\u00e9es \u00e0 l\u2019adresse suivante :<\/p>\n<p>\u00c9quipe de confidentialit\u00e9 de Vita Assure<br \/>\n<strong>privacy@vitaassure.com<\/strong><br \/>\n500 Place d\u2019Armes, bureau 1800<br \/>\nMontr\u00e9al, QC<br \/>\nH2Y 2W2 Canada[\/vc_column_text][\/vc_column][\/vc_row]<\/p>\n<\/section>","protected":false},"excerpt":{"rendered":"<p>[vc_row css=\u00a0\u00bb.vc_custom_1695076511941{padding-top: 100px !important;}\u00a0\u00bb][vc_column][vc_column_text el_id=\u00a0\u00bbprivacy_policy\u00a0\u00bb] Politique de confidentialit\u00e9 Derni\u00e8re mise \u00e0 jour : 18 septembre, 2023 Qui nous sommes Apprenez-en davantage sur nous \u00e0 l\u2019adresse : https:\/\/www.vitaassure.com. Aper\u00e7u Cette politique de confidentialit\u00e9 s\u2019applique uniquement aux renseignements receuillis \u00e0 travers notre site Web et non aux \u00e0 ceux collect\u00e9s hors ligne. Consentement En naviguant sur notre&#8230;<\/p>\n","protected":false},"author":1,"featured_media":0,"parent":0,"menu_order":0,"comment_status":"closed","ping_status":"open","template":"","meta":{"_kad_post_transparent":"default","_kad_post_title":"default","_kad_post_layout":"default","_kad_post_sidebar_id":"","_kad_post_content_style":"default","_kad_post_vertical_padding":"default","_kad_post_feature":"","_kad_post_feature_position":"","_kad_post_header":false,"_kad_post_footer":false,"footnotes":""},"class_list":["post-171","page","type-page","status-publish","hentry"],"aioseo_notices":[],"_links":{"self":[{"href":"https:\/\/www.bonjourjames.com\/fr\/wp-json\/wp\/v2\/pages\/171","targetHints":{"allow":["GET"]}}],"collection":[{"href":"https:\/\/www.bonjourjames.com\/fr\/wp-json\/wp\/v2\/pages"}],"about":[{"href":"https:\/\/www.bonjourjames.com\/fr\/wp-json\/wp\/v2\/types\/page"}],"author":[{"embeddable":true,"href":"https:\/\/www.bonjourjames.com\/fr\/wp-json\/wp\/v2\/users\/1"}],"replies":[{"embeddable":true,"href":"https:\/\/www.bonjourjames.com\/fr\/wp-json\/wp\/v2\/comments?post=171"}],"version-history":[{"count":9,"href":"https:\/\/www.bonjourjames.com\/fr\/wp-json\/wp\/v2\/pages\/171\/revisions"}],"predecessor-version":[{"id":220,"href":"https:\/\/www.bonjourjames.com\/fr\/wp-json\/wp\/v2\/pages\/171\/revisions\/220"}],"wp:attachment":[{"href":"https:\/\/www.bonjourjames.com\/fr\/wp-json\/wp\/v2\/media?parent=171"}],"curies":[{"name":"wp","href":"https:\/\/api.w.org\/{rel}","templated":true}]}}