{"id":161,"date":"2023-09-18T19:47:05","date_gmt":"2023-09-18T19:47:05","guid":{"rendered":"https:\/\/bonjourjames.awsus3.cdn-alpha.com\/purchase-critical-illness-insurance\/"},"modified":"2023-10-17T19:46:27","modified_gmt":"2023-10-17T19:46:27","slug":"acheter-assurance-maladie-graves","status":"publish","type":"page","link":"https:\/\/www.bonjourjames.com\/fr\/acheter-assurance-maladie-graves\/","title":{"rendered":"Prix"},"content":{"rendered":"<section class=\"wpb-content-wrapper\"><p>[vc_row full_width=\u00a0\u00bbstretch_row\u00a0\u00bb parallax=\u00a0\u00bbcontent-moving\u00a0\u00bb css=\u00a0\u00bb.vc_custom_1695066751425{padding-top: 150px !important;padding-bottom: 150px !important;background: #eaeaea url(https:\/\/bonjourjames.awsus3.cdn-alpha.com\/wp-content\/uploads\/2023\/09\/header-bg-2.jpg?id=95);background-position: center;background-repeat: no-repeat !important;background-size: cover !important;}\u00a0\u00bb][vc_column][vc_custom_heading text=\u00a0\u00bbOBTENEZ UNE SOUMISSION AUJOURD&rsquo;HUI !\u00a0\u00bb font_container=\u00a0\u00bbtag:h1|font_size:118|text_align:right|color:%23ffffff\u00a0\u00bb use_theme_fonts=\u00a0\u00bbyes\u00a0\u00bb][vc_column_text el_class=\u00a0\u00bbheader2_white\u00a0\u00bb]<\/p>\n<h2 style=\"text-align: right;\">C&rsquo;est simple et rapide d\u2019effectuer une demande de soumission d&rsquo;assurance maladies graves pour enfants.<\/h2>\n<p>[\/vc_column_text][vc_btn title=\u00a0\u00bbCONTINUER\u00a0\u00bb style=\u00a0\u00bboutline\u00a0\u00bb shape=\u00a0\u00bbround\u00a0\u00bb color=\u00a0\u00bbwhite\u00a0\u00bb align=\u00a0\u00bbright\u00a0\u00bb link=\u00a0\u00bburl:%23contact\u00a0\u00bb el_class=\u00a0\u00bbget_my_copy\u00a0\u00bb][\/vc_column][\/vc_row][vc_row full_width=\u00a0\u00bbstretch_row\u00a0\u00bb css=\u00a0\u00bb.vc_custom_1695061673250{background-color: #00cade !important;}\u00a0\u00bb el_id=\u00a0\u00bbcontact\u00a0\u00bb][vc_column width=\u00a0\u00bb1\/2&Prime;][vc_column_text]Contactez-nous par t\u00e9l\u00e9phone au<strong> 1-855-929-8482<\/strong> ou par l&rsquo;adresse e-mail <strong>bonjourjames@vitaassure.com<\/strong> .[\/vc_column_text][\/vc_column][vc_column width=\u00a0\u00bb1\/2&Prime;][vc_btn title=\u00a0\u00bbNous sommes ici pour aider.\u00a0\u00bb style=\u00a0\u00bbclassic\u00a0\u00bb color=\u00a0\u00bbblack\u00a0\u00bb align=\u00a0\u00bbright\u00a0\u00bb link=\u00a0\u00bburl:%23nos_coordonnees\u00a0\u00bb][\/vc_column][\/vc_row][vc_row full_width=\u00a0\u00bbstretch_row\u00a0\u00bb css=\u00a0\u00bb.vc_custom_1695061644493{padding-top: 50px !important;padding-bottom: 50px !important;background-color: #c5fff1 !important;}\u00a0\u00bb el_id=\u00a0\u00bbvideo\u00a0\u00bb][vc_column width=\u00a0\u00bb1\/2&Prime;][vc_column_text]<\/p>\n<h3>\u00c0 PROPOS<br \/>\nDE NOUS<\/h3>\n<p>BonjourJames.com vous est pr\u00e9sent\u00e9 par <a href=\"https:\/\/www.vitaassure.com\/fr\/\">Vita Assure<\/a>. Nous sommes des courtiers autoris\u00e9s \u00e0 travailler au Qu\u00e9bec et en Ontario, mais avant tout, nous sommes parents. Nous avons analys\u00e9 le march\u00e9 et d\u00e9couverts des produits d&rsquo;assurance fort int\u00e9ressants pour nos enfants; et aimerions partager ces d\u00e9couvertes avec d&rsquo;autres familles.<\/p>\n<p>Vita Assure offre \u00e9galement des <a href=\"https:\/\/www.vitaassure.com\/fr\/assurance-collective\/\">r\u00e9gimes d&rsquo;assurance collective<\/a>, des r\u00e9gimes d&rsquo;\u00e9pargne-retraite collectifs ainsi que d&rsquo;autres produits d&rsquo;assurance individuelle comme l&rsquo;assurance vie, l&rsquo;assurance voyage et l&rsquo;assurance invalidit\u00e9.[\/vc_column_text][\/vc_column][vc_column width=\u00a0\u00bb1\/2&Prime;][vc_single_image image=\u00a0\u00bb72&Prime; img_size=\u00a0\u00bbfull\u00a0\u00bb][\/vc_column][\/vc_row][vc_row css=\u00a0\u00bb.vc_custom_1695060815317{margin-top: 100px !important;}\u00a0\u00bb][vc_column width=\u00a0\u00bb1\/2&Prime;][vc_single_image image=\u00a0\u00bb55&Prime; img_size=\u00a0\u00bbfull\u00a0\u00bb alignment=\u00a0\u00bbcenter\u00a0\u00bb][\/vc_column][vc_column width=\u00a0\u00bb1\/2&Prime;][vc_column_text]<span class=\"up-caps\">N<\/span>ous sommes membres en r\u00e8gle de l&rsquo;Autorit\u00e9 des march\u00e9s financiers (AMF), de la Chambre de s\u00e9curit\u00e9 financi\u00e8re (CSF) et de l&rsquo;Autorit\u00e9 ontarienne de r\u00e9glementation des services financiers (AORSF). Nous prenons \u00e0 coeur la confidentialit\u00e9 et la s\u00e9curit\u00e9 des donn\u00e9es et ne partagerons jamais vos informations.[\/vc_column_text][\/vc_column][\/vc_row][vc_row css=\u00a0\u00bb.vc_custom_1695060633965{margin-top: 100px !important;}\u00a0\u00bb][vc_column][vc_custom_heading text=\u00a0\u00bbNe soyez pas timide.\u00a0\u00bb font_container=\u00a0\u00bbtag:h3|text_align:center\u00a0\u00bb google_fonts=\u00a0\u00bbfont_family:Pacifico%3Aregular|font_style:400%20regular%3A400%3Anormal\u00a0\u00bb][vc_text_separator title=\u00a0\u00bbContactez-nous d\u00e8s aujourd&rsquo;hui !\u00a0\u00bb color=\u00a0\u00bbcustom\u00a0\u00bb accent_color=\u00a0\u00bb#00cade\u00a0\u00bb el_id=\u00a0\u00bbnos_coordonnees\u00a0\u00bb][\/vc_column][\/vc_row][vc_row_inner][vc_column_inner width=\u00a0\u00bb1\/2&Prime;][vc_column_text]<\/p>\n<div style=\"color: #00cade; text-align: right;\">T\u00c9L\u00c9PHONE<\/div>\n<p style=\"text-align: right;\">1-855-929-8482<\/p>\n<p>[\/vc_column_text][\/vc_column_inner][vc_column_inner width=\u00a0\u00bb1\/2&Prime;][vc_column_text]<\/p>\n<div style=\"color: #00cade; text-align: left;\">ADRESSE E-MAIL<\/div>\n<p style=\"text-align: left;\">bonjourjames@vitaassure.com<\/p>\n<p>[\/vc_column_text][\/vc_column_inner][\/vc_row_inner]<\/p>\n<\/section>","protected":false},"excerpt":{"rendered":"<p>[vc_row full_width=\u00a0\u00bbstretch_row\u00a0\u00bb parallax=\u00a0\u00bbcontent-moving\u00a0\u00bb css=\u00a0\u00bb.vc_custom_1695066751425{padding-top: 150px !important;padding-bottom: 150px !important;background: #eaeaea url(https:\/\/bonjourjames.awsus3.cdn-alpha.com\/wp-content\/uploads\/2023\/09\/header-bg-2.jpg?id=95);background-position: center;background-repeat: no-repeat !important;background-size: cover !important;}\u00a0\u00bb][vc_column][vc_custom_heading text=\u00a0\u00bbOBTENEZ UNE SOUMISSION AUJOURD&rsquo;HUI !\u00a0\u00bb font_container=\u00a0\u00bbtag:h1|font_size:118|text_align:right|color:%23ffffff\u00a0\u00bb use_theme_fonts=\u00a0\u00bbyes\u00a0\u00bb][vc_column_text el_class=\u00a0\u00bbheader2_white\u00a0\u00bb] C&rsquo;est simple et rapide d\u2019effectuer une demande de soumission d&rsquo;assurance maladies graves pour enfants. [\/vc_column_text][vc_btn title=\u00a0\u00bbCONTINUER\u00a0\u00bb style=\u00a0\u00bboutline\u00a0\u00bb shape=\u00a0\u00bbround\u00a0\u00bb color=\u00a0\u00bbwhite\u00a0\u00bb align=\u00a0\u00bbright\u00a0\u00bb link=\u00a0\u00bburl:%23contact\u00a0\u00bb el_class=\u00a0\u00bbget_my_copy\u00a0\u00bb][\/vc_column][\/vc_row][vc_row full_width=\u00a0\u00bbstretch_row\u00a0\u00bb css=\u00a0\u00bb.vc_custom_1695061673250{background-color: #00cade !important;}\u00a0\u00bb el_id=\u00a0\u00bbcontact\u00a0\u00bb][vc_column width=\u00a0\u00bb1\/2&Prime;][vc_column_text]Contactez-nous par t\u00e9l\u00e9phone au 1-855-929-8482&#8230;<\/p>\n","protected":false},"author":1,"featured_media":0,"parent":0,"menu_order":0,"comment_status":"closed","ping_status":"closed","template":"","meta":{"_kad_post_transparent":"default","_kad_post_title":"default","_kad_post_layout":"default","_kad_post_sidebar_id":"","_kad_post_content_style":"default","_kad_post_vertical_padding":"default","_kad_post_feature":"","_kad_post_feature_position":"","_kad_post_header":false,"_kad_post_footer":false,"footnotes":""},"class_list":["post-161","page","type-page","status-publish","hentry"],"aioseo_notices":[],"_links":{"self":[{"href":"https:\/\/www.bonjourjames.com\/fr\/wp-json\/wp\/v2\/pages\/161","targetHints":{"allow":["GET"]}}],"collection":[{"href":"https:\/\/www.bonjourjames.com\/fr\/wp-json\/wp\/v2\/pages"}],"about":[{"href":"https:\/\/www.bonjourjames.com\/fr\/wp-json\/wp\/v2\/types\/page"}],"author":[{"embeddable":true,"href":"https:\/\/www.bonjourjames.com\/fr\/wp-json\/wp\/v2\/users\/1"}],"replies":[{"embeddable":true,"href":"https:\/\/www.bonjourjames.com\/fr\/wp-json\/wp\/v2\/comments?post=161"}],"version-history":[{"count":6,"href":"https:\/\/www.bonjourjames.com\/fr\/wp-json\/wp\/v2\/pages\/161\/revisions"}],"predecessor-version":[{"id":218,"href":"https:\/\/www.bonjourjames.com\/fr\/wp-json\/wp\/v2\/pages\/161\/revisions\/218"}],"wp:attachment":[{"href":"https:\/\/www.bonjourjames.com\/fr\/wp-json\/wp\/v2\/media?parent=161"}],"curies":[{"name":"wp","href":"https:\/\/api.w.org\/{rel}","templated":true}]}}