{"id":142,"date":"2023-09-18T19:14:38","date_gmt":"2023-09-18T19:14:38","guid":{"rendered":"https:\/\/bonjourjames.awsus3.cdn-alpha.com\/how-critical-illness-insurance-works\/"},"modified":"2023-09-22T17:46:25","modified_gmt":"2023-09-22T17:46:25","slug":"comment-fonctionne-assurance-maladie-graves","status":"publish","type":"page","link":"https:\/\/www.bonjourjames.com\/fr\/comment-fonctionne-assurance-maladie-graves\/","title":{"rendered":"Fonctionnement"},"content":{"rendered":"<section class=\"wpb-content-wrapper\"><p>[vc_row full_width=\u00a0\u00bbstretch_row\u00a0\u00bb parallax=\u00a0\u00bbcontent-moving\u00a0\u00bb css=\u00a0\u00bb.vc_custom_1695064009540{padding-top: 150px !important;padding-bottom: 150px !important;background: #eaeaea url(https:\/\/bonjourjames.awsus3.cdn-alpha.com\/wp-content\/uploads\/2023\/09\/header-bg-1.jpg?id=69);background-position: center;background-repeat: no-repeat !important;background-size: cover !important;}\u00a0\u00bb][vc_column][vc_custom_heading text=\u00a0\u00bbQUAND VOUS EN AVEZ LE PLUS BESOIN\u00a0\u00bb font_container=\u00a0\u00bbtag:h1|font_size:118|text_align:right|color:%23ffffff\u00a0\u00bb use_theme_fonts=\u00a0\u00bbyes\u00a0\u00bb][vc_column_text el_class=\u00a0\u00bbheader2_white\u00a0\u00bb]<\/p>\n<h2 style=\"text-align: right;\">L&rsquo;assurance maladies graves verse une prestation non imposable pour vous aider si votre enfant est atteint d&rsquo;une maladie s\u00e9rieuse.<\/h2>\n<p>[\/vc_column_text][vc_btn title=\u00a0\u00bbREAD MORE\u00a0\u00bb style=\u00a0\u00bboutline\u00a0\u00bb shape=\u00a0\u00bbround\u00a0\u00bb color=\u00a0\u00bbwhite\u00a0\u00bb align=\u00a0\u00bbright\u00a0\u00bb link=\u00a0\u00bburl:%23contact\u00a0\u00bb el_class=\u00a0\u00bbget_my_copy\u00a0\u00bb][\/vc_column][\/vc_row][vc_row full_width=\u00a0\u00bbstretch_row\u00a0\u00bb css=\u00a0\u00bb.vc_custom_1695061673250{background-color: #00cade !important;}\u00a0\u00bb el_id=\u00a0\u00bbcontact\u00a0\u00bb][vc_column width=\u00a0\u00bb1\/2&Prime;][vc_column_text]Cessez de travailler pour demeurer aupr\u00e8s d&rsquo;un enfant malade sans le stress financier d&rsquo;une hypoth\u00e8que ou des d\u00e9penses m\u00e9nag\u00e8res. Si vous n&rsquo;utilisez pas l&rsquo;assurance, vous r\u00e9cup\u00e9rez votre argent.[\/vc_column_text][\/vc_column][vc_column width=\u00a0\u00bb1\/2&Prime;][vc_btn title=\u00a0\u00bbDemandez une soumission !\u00a0\u00bb style=\u00a0\u00bbclassic\u00a0\u00bb color=\u00a0\u00bbblack\u00a0\u00bb align=\u00a0\u00bbright\u00a0\u00bb link=\u00a0\u00bburl:https%3A%2F%2Fwww.bonjourjames.com%2Ffr%2Facheter-assurance-maladie-graves%2F|title:Prix\u00a0\u00bb][\/vc_column][\/vc_row][vc_row full_width=\u00a0\u00bbstretch_row\u00a0\u00bb css=\u00a0\u00bb.vc_custom_1695061644493{padding-top: 50px !important;padding-bottom: 50px !important;background-color: #c5fff1 !important;}\u00a0\u00bb el_id=\u00a0\u00bbvideo\u00a0\u00bb][vc_column width=\u00a0\u00bb1\/2&Prime;][vc_column_text]<\/p>\n<h3>+30<br \/>\nMALADIES<br \/>\nCOUVERTES<\/h3>\n<p>Plus de 30 maladies sont couvertes, dont plusieurs sp\u00e9cifiques aux enfants; incluant la dystrophie musculaire, la fibrose kystique, la paralysie c\u00e9r\u00e9brale et le diab\u00e8te sucr\u00e9 de type 1. Advenant le diagnostic d&rsquo;une maladie grave chez votre enfant, l&rsquo;assurance vous outillera pour traverser cette \u00e9preuve difficile.[\/vc_column_text][\/vc_column][vc_column width=\u00a0\u00bb1\/2&Prime;][vc_single_image image=\u00a0\u00bb70&Prime; img_size=\u00a0\u00bbfull\u00a0\u00bb][\/vc_column][\/vc_row][vc_row css=\u00a0\u00bb.vc_custom_1695060815317{margin-top: 100px !important;}\u00a0\u00bb][vc_column width=\u00a0\u00bb1\/2&Prime;][vc_single_image image=\u00a0\u00bb71&Prime; img_size=\u00a0\u00bbfull\u00a0\u00bb alignment=\u00a0\u00bbcenter\u00a0\u00bb][\/vc_column][vc_column width=\u00a0\u00bb1\/2&Prime;][vc_column_text]<span class=\"up-caps\">L<\/span>&lsquo;assurance maladies graves verse une prestation <strong>non imposable<\/strong> vous permettant de vous absenter du travail pour veiller sur votre enfant et de payer les frais non couverts par votre assurance maladie.<\/p>\n<p>BONI! Vous b\u00e9n\u00e9ficiez \u00e9galement de l&rsquo;<strong>expertise m\u00e9dicale d&rsquo;un vaste r\u00e9seau de m\u00e9decins sp\u00e9cialistes<\/strong>.[\/vc_column_text][\/vc_column][\/vc_row][vc_row full_width=\u00a0\u00bbstretch_row_content\u00a0\u00bb css=\u00a0\u00bb.vc_custom_1695060607968{margin-top: 100px !important;}\u00a0\u00bb][vc_column width=\u00a0\u00bb1\/3&Prime;][vc_hoverbox image=\u00a0\u00bb75&Prime; primary_title=\u00a0\u00bbRestez pr\u00e8s de votre enfant\u00a0\u00bb hover_title=\u00a0\u00bbRestez pr\u00e8s de votre enfant\u00a0\u00bb hover_background_color=\u00a0\u00bbcustom\u00a0\u00bb hover_custom_background=\u00a0\u00bb#00cade\u00a0\u00bb]Source de fonds pour le parent ou soignant qui s&rsquo;absente du travail pour veiller sur l&rsquo;enfant.[\/vc_hoverbox][\/vc_column][vc_column width=\u00a0\u00bb1\/3&Prime;][vc_hoverbox image=\u00a0\u00bb76&Prime; primary_title=\u00a0\u00bbPayez votre pr\u00eat hypoth\u00e9caire\u00a0\u00bb hover_title=\u00a0\u00bbPayez votre pr\u00eat hypoth\u00e9caire\u00a0\u00bb hover_background_color=\u00a0\u00bbcustom\u00a0\u00bb hover_custom_background=\u00a0\u00bb#00cade\u00a0\u00bb]Satisfaire aux exigences hypoth\u00e9caires et autres responsabilit\u00e9s financi\u00e8res pendant cette p\u00e9riode difficile.[\/vc_hoverbox][\/vc_column][vc_column width=\u00a0\u00bb1\/3&Prime;][vc_hoverbox image=\u00a0\u00bb77&Prime; primary_title=\u00a0\u00bbSoignez votre enfant\u00a0\u00bb hover_title=\u00a0\u00bbSoignez votre enfant\u00a0\u00bb hover_background_color=\u00a0\u00bbcustom\u00a0\u00bb hover_custom_background=\u00a0\u00bb#00cade\u00a0\u00bb]Payer les d\u00e9penses m\u00e9dicales non admissibles au r\u00e9gime de soins de sant\u00e9 public ou d&rsquo;assurance collective.[\/vc_hoverbox][\/vc_column][\/vc_row][vc_row full_width=\u00a0\u00bbstretch_row_content\u00a0\u00bb css=\u00a0\u00bb.vc_custom_1695060561096{margin-top: 50px !important;}\u00a0\u00bb][vc_column width=\u00a0\u00bb1\/3&Prime;][vc_hoverbox image=\u00a0\u00bb78&Prime; primary_title=\u00a0\u00bbEmbaucher une infirmi\u00e8re\u00a0\u00bb hover_title=\u00a0\u00bbEmbaucher une infirmi\u00e8re\u00a0\u00bb hover_background_color=\u00a0\u00bbcustom\u00a0\u00bb hover_custom_background=\u00a0\u00bb#00cade\u00a0\u00bb]Payer les soins infirmiers \u00e0 domicile et d\u00e9penses connexes au soins de sant\u00e9.[\/vc_hoverbox][\/vc_column][vc_column width=\u00a0\u00bb1\/3&Prime;][vc_hoverbox image=\u00a0\u00bb79&Prime; primary_title=\u00a0\u00bbObtenir des soins \u00e0 l\u2019\u00e9tranger\u00a0\u00bb hover_title=\u00a0\u00bbObtenir des soins \u00e0 l\u2019\u00e9tranger\u00a0\u00bb hover_background_color=\u00a0\u00bbcustom\u00a0\u00bb hover_custom_background=\u00a0\u00bb#00cade\u00a0\u00bb]Payer le transport ou l&rsquo;h\u00e9bergement n\u00e9cessaire pour le traitement.[\/vc_hoverbox][\/vc_column][vc_column width=\u00a0\u00bb1\/3&Prime;][vc_hoverbox image=\u00a0\u00bb80&Prime; primary_title=\u00a0\u00bbR\u00e9aliser le r\u00eave de votre enfant\u00a0\u00bb hover_title=\u00a0\u00bbR\u00e9aliser le r\u00eave de votre enfant\u00a0\u00bb hover_background_color=\u00a0\u00bbcustom\u00a0\u00bb hover_custom_background=\u00a0\u00bb#00cade\u00a0\u00bb]Utiliser l\u2019argent comme vous semble bon ![\/vc_hoverbox][\/vc_column][\/vc_row][vc_row full_width=\u00a0\u00bbstretch_row\u00a0\u00bb css=\u00a0\u00bb.vc_custom_1695064342379{margin-top: 100px !important;padding-top: 50px !important;padding-bottom: 50px !important;background-color: #c5fff1 !important;}\u00a0\u00bb][vc_column width=\u00a0\u00bb1\/2&Prime;][vc_column_text]<\/p>\n<h3>R\u00c9CUP\u00c9REZ<br \/>\nVOTRE<br \/>\nARGENT<\/h3>\n<p>Nous esp\u00e9rons que votre enfant ne tombera jamais malade. Si tel est le cas, au 25i\u00e8me anniversaire de votre enfant, vous r\u00e9cup\u00e9rerez 75 % des primes pay\u00e9es. La police demeurera active et votre enfant, rendu adulte, b\u00e9n\u00e9ficiera de la m\u00eame protection, au m\u00eame co\u00fbt garanti \u00e0 vie. \u00c0 partir de 40 ans, votre enfant peut r\u00e9silier la police avec un remboursement \u00e0 100 % de toutes les primes pay\u00e9es.[\/vc_column_text][\/vc_column][vc_column width=\u00a0\u00bb1\/2&Prime;][vc_single_image image=\u00a0\u00bb72&Prime; img_size=\u00a0\u00bbfull\u00a0\u00bb][\/vc_column][\/vc_row][vc_row css=\u00a0\u00bb.vc_custom_1695060633965{margin-top: 100px !important;}\u00a0\u00bb][vc_column][vc_custom_heading text=\u00a0\u00bbNous sommes parents aussi et nous savons que la vie peut \u00eatre mouvement\u00e9e.\u00a0\u00bb font_container=\u00a0\u00bbtag:h3|text_align:center\u00a0\u00bb google_fonts=\u00a0\u00bbfont_family:Pacifico%3Aregular|font_style:400%20regular%3A400%3Anormal\u00a0\u00bb][vc_text_separator title=\u00a0\u00bbC&rsquo;est pourquoi nous avons con\u00e7u une approche simple pour l&rsquo;achat de maladies graves chez les enfants :\u00a0\u00bb color=\u00a0\u00bbcustom\u00a0\u00bb accent_color=\u00a0\u00bb#00cade\u00a0\u00bb][vc_row_inner][vc_column_inner width=\u00a0\u00bb1\/2&Prime;][vc_column_text]<\/p>\n<div style=\"color: #00cade; text-align: right;\">1. INFORMATIONS DE BASE<\/div>\n<p style=\"text-align: right;\">Soumettez quelques informations concernant votre enfant (vos donn\u00e9es restent 100 % confidentielles).<\/p>\n<p style=\"text-align: right;\"><a href=\"https:\/\/www.bonjourjames.com\/purchase-critical-illness-insurance\">Commencez d\u00e8s maintenant !<\/a><\/p>\n<p>[\/vc_column_text][\/vc_column_inner][vc_column_inner width=\u00a0\u00bb1\/2&Prime;][vc_column_text]<\/p>\n<div style=\"color: #00cade; text-align: left;\">2. VALIDATION PAR UN CONSEILLER<\/div>\n<p style=\"text-align: left;\">Un conseiller pourrait communiquer avec vous pour valider vos besoins. Nous sommes membres en r\u00e8gle de l&rsquo;Autorit\u00e9 des march\u00e9s financiers (AMF), de la Chambre de s\u00e9curit\u00e9 financi\u00e8re (CSF) et de l&rsquo;Autorit\u00e9 ontarienne de r\u00e9glementation des services financiers (ARSF).<\/p>\n<p>[\/vc_column_text][\/vc_column_inner][\/vc_row_inner][vc_row_inner][vc_column_inner width=\u00a0\u00bb1\/2&Prime;][vc_column_text]<\/p>\n<div style=\"color: #00cade; text-align: right;\">3. SOUMISSION \u00c9LECTRONIQUE<\/div>\n<p style=\"text-align: right;\">Vous recevrez une illustration par courriel dans les 24 heures.<\/p>\n<p>[\/vc_column_text][\/vc_column_inner][vc_column_inner width=\u00a0\u00bb1\/2&Prime;][vc_column_text]<\/p>\n<div style=\"color: #00cade; text-align: left;\">4. QUESTIONS ET R\u00c9PONSES<\/div>\n<p style=\"text-align: left;\">Vous pouvez\u00a0<a href=\"https:\/\/www.bonjourjames.com\/purchase-critical-illness-insurance\">communiquer<\/a>\u00a0avec nous par t\u00e9l\u00e9phone, courriel ou vid\u00e9oconf\u00e9rence pour discuter de votre situation et poser vos questions.<\/p>\n<p>[\/vc_column_text][\/vc_column_inner][\/vc_row_inner][vc_row_inner][vc_column_inner width=\u00a0\u00bb1\/2&Prime;][vc_column_text]<\/p>\n<div style=\"color: #00cade; text-align: right;\">5. AUCUNE OBLIGATION<\/div>\n<p style=\"text-align: right;\">Il n&rsquo;y a aucune obligation d&rsquo;achat et vous n&rsquo;aurez aucun frais \u00e0 payer si vous d\u00e9cidez de ne pas acheter.<\/p>\n<p>[\/vc_column_text][\/vc_column_inner][vc_column_inner width=\u00a0\u00bb1\/2&Prime;][vc_column_text]<\/p>\n<div style=\"color: #00cade; text-align: left;\">6. ACHAT<\/div>\n<p style=\"text-align: left;\">Si vous d\u00e9cidez de souscrire\u00a0<a href=\"https:\/\/www.bonjourjames.com\/purchase-critical-illness-insurance\"> une assurance maladies graves pour votre enfant<\/a>, nous vous guiderons pas \u00e0 pas tout au long du processus de demande.<\/p>\n<p>[\/vc_column_text][\/vc_column_inner][\/vc_row_inner][\/vc_column][\/vc_row]<\/p>\n<\/section>","protected":false},"excerpt":{"rendered":"<p>[vc_row full_width=\u00a0\u00bbstretch_row\u00a0\u00bb parallax=\u00a0\u00bbcontent-moving\u00a0\u00bb css=\u00a0\u00bb.vc_custom_1695064009540{padding-top: 150px !important;padding-bottom: 150px !important;background: #eaeaea url(https:\/\/bonjourjames.awsus3.cdn-alpha.com\/wp-content\/uploads\/2023\/09\/header-bg-1.jpg?id=69);background-position: center;background-repeat: no-repeat !important;background-size: cover !important;}\u00a0\u00bb][vc_column][vc_custom_heading text=\u00a0\u00bbQUAND VOUS EN AVEZ LE PLUS BESOIN\u00a0\u00bb font_container=\u00a0\u00bbtag:h1|font_size:118|text_align:right|color:%23ffffff\u00a0\u00bb use_theme_fonts=\u00a0\u00bbyes\u00a0\u00bb][vc_column_text el_class=\u00a0\u00bbheader2_white\u00a0\u00bb] L&rsquo;assurance maladies graves verse une prestation non imposable pour vous aider si votre enfant est atteint d&rsquo;une maladie s\u00e9rieuse. [\/vc_column_text][vc_btn title=\u00a0\u00bbREAD MORE\u00a0\u00bb style=\u00a0\u00bboutline\u00a0\u00bb shape=\u00a0\u00bbround\u00a0\u00bb color=\u00a0\u00bbwhite\u00a0\u00bb align=\u00a0\u00bbright\u00a0\u00bb link=\u00a0\u00bburl:%23contact\u00a0\u00bb el_class=\u00a0\u00bbget_my_copy\u00a0\u00bb][\/vc_column][\/vc_row][vc_row full_width=\u00a0\u00bbstretch_row\u00a0\u00bb css=\u00a0\u00bb.vc_custom_1695061673250{background-color:&#8230;<\/p>\n","protected":false},"author":1,"featured_media":0,"parent":0,"menu_order":0,"comment_status":"closed","ping_status":"closed","template":"","meta":{"_kad_post_transparent":"default","_kad_post_title":"default","_kad_post_layout":"default","_kad_post_sidebar_id":"","_kad_post_content_style":"default","_kad_post_vertical_padding":"default","_kad_post_feature":"","_kad_post_feature_position":"","_kad_post_header":false,"_kad_post_footer":false,"footnotes":""},"class_list":["post-142","page","type-page","status-publish","hentry"],"aioseo_notices":[],"_links":{"self":[{"href":"https:\/\/www.bonjourjames.com\/fr\/wp-json\/wp\/v2\/pages\/142","targetHints":{"allow":["GET"]}}],"collection":[{"href":"https:\/\/www.bonjourjames.com\/fr\/wp-json\/wp\/v2\/pages"}],"about":[{"href":"https:\/\/www.bonjourjames.com\/fr\/wp-json\/wp\/v2\/types\/page"}],"author":[{"embeddable":true,"href":"https:\/\/www.bonjourjames.com\/fr\/wp-json\/wp\/v2\/users\/1"}],"replies":[{"embeddable":true,"href":"https:\/\/www.bonjourjames.com\/fr\/wp-json\/wp\/v2\/comments?post=142"}],"version-history":[{"count":10,"href":"https:\/\/www.bonjourjames.com\/fr\/wp-json\/wp\/v2\/pages\/142\/revisions"}],"predecessor-version":[{"id":212,"href":"https:\/\/www.bonjourjames.com\/fr\/wp-json\/wp\/v2\/pages\/142\/revisions\/212"}],"wp:attachment":[{"href":"https:\/\/www.bonjourjames.com\/fr\/wp-json\/wp\/v2\/media?parent=142"}],"curies":[{"name":"wp","href":"https:\/\/api.w.org\/{rel}","templated":true}]}}