{"id":122,"date":"2023-09-15T19:07:49","date_gmt":"2023-09-15T19:07:49","guid":{"rendered":"https:\/\/bonjourjames.awsus3.cdn-alpha.com\/home\/"},"modified":"2023-09-22T17:45:46","modified_gmt":"2023-09-22T17:45:46","slug":"home","status":"publish","type":"page","link":"https:\/\/www.bonjourjames.com\/fr\/","title":{"rendered":"Accueil"},"content":{"rendered":"<section class=\"wpb-content-wrapper\"><p>[vc_row full_width=\u00a0\u00bbstretch_row\u00a0\u00bb parallax=\u00a0\u00bbcontent-moving\u00a0\u00bb css=\u00a0\u00bb.vc_custom_1695054463352{padding-top: 150px !important;padding-bottom: 150px !important;background: #eaeaea url(https:\/\/bonjourjames.awsus3.cdn-alpha.com\/wp-content\/uploads\/2023\/09\/header-bg.jpg?id=43);background-position: center;background-repeat: no-repeat !important;background-size: cover !important;}\u00a0\u00bb][vc_column][vc_custom_heading text=\u00a0\u00bbASSURANCE MALADIES GRAVES\u00a0\u00bb font_container=\u00a0\u00bbtag:h1|font_size:118|text_align:right|color:%23ffffff\u00a0\u00bb use_theme_fonts=\u00a0\u00bbyes\u00a0\u00bb][vc_column_text el_class=\u00a0\u00bbheader2_white\u00a0\u00bb]<\/p>\n<h2 style=\"text-align: right;\">La fa\u00e7on \u00e9clair\u00e9e de prot\u00e9ger vos enfants.<\/h2>\n<p>[\/vc_column_text][vc_btn title=\u00a0\u00bbCONTINUER\u00a0\u00bb style=\u00a0\u00bboutline\u00a0\u00bb shape=\u00a0\u00bbround\u00a0\u00bb color=\u00a0\u00bbwhite\u00a0\u00bb align=\u00a0\u00bbright\u00a0\u00bb link=\u00a0\u00bburl:%23contact\u00a0\u00bb el_class=\u00a0\u00bbget_my_copy\u00a0\u00bb][\/vc_column][\/vc_row][vc_row full_width=\u00a0\u00bbstretch_row\u00a0\u00bb css=\u00a0\u00bb.vc_custom_1695061673250{background-color: #00cade !important;}\u00a0\u00bb el_id=\u00a0\u00bbcontact\u00a0\u00bb][vc_column width=\u00a0\u00bb1\/2&Prime;][vc_column_text]Soyez pr\u00eat advenant le diagnostic d&rsquo;une maladie grave. Si votre enfant ne tombe pas malade, vous r\u00e9cup\u00e9rez votre argent.[\/vc_column_text][\/vc_column][vc_column width=\u00a0\u00bb1\/2&Prime;][vc_btn title=\u00a0\u00bbObtenez de l&rsquo;information d&rsquo;un conseiller\u00a0\u00bb style=\u00a0\u00bbclassic\u00a0\u00bb color=\u00a0\u00bbblack\u00a0\u00bb align=\u00a0\u00bbright\u00a0\u00bb link=\u00a0\u00bburl:https%3A%2F%2Fwww.bonjourjames.com%2Ffr%2Facheter-assurance-maladie-graves%2F|title:Prix\u00a0\u00bb][\/vc_column][\/vc_row][vc_row full_width=\u00a0\u00bbstretch_row\u00a0\u00bb css=\u00a0\u00bb.vc_custom_1695061644493{padding-top: 50px !important;padding-bottom: 50px !important;background-color: #c5fff1 !important;}\u00a0\u00bb el_id=\u00a0\u00bbvideo\u00a0\u00bb][vc_column width=\u00a0\u00bb1\/2&Prime;][vc_column_text]<\/p>\n<h3>CHAQUE<br \/>\nJAMES EST<br \/>\nIMPORTANT<\/h3>\n<p>Imaginez la libert\u00e9 de cesser de travailler pour vous d\u00e9dier \u00e0 votre enfant malade sans pr\u00e9occupations financi\u00e8res; en plus de l&rsquo;expertise m\u00e9dicale au bout des doigts pour permettre \u00e0 votre enfant de recevoir le meilleur traitement possible. Voil\u00e0 pourquoi souscrire \u00e0 une police d&rsquo;assurance maladies graves pour votre enfant![\/vc_column_text][\/vc_column][vc_column width=\u00a0\u00bb1\/2&Prime;][vc_raw_html]JTNDaWZyYW1lJTIwd2lkdGglM0QlMjI1NjAlMjIlMjBoZWlnaHQlM0QlMjIzMTUlMjIlMjBhbGlnbiUzRCUyMnJpZ2h0JTIyJTIwc3JjJTNEJTIyaHR0cHMlM0ElMkYlMkZ3d3cueW91dHViZS5jb20lMkZlbWJlZCUyRkd6Z3R2M0I0UklBJTNGcmVsJTNEMCUyNmFtcCUzQm1vZGVzdGJyYW5kaW5nJTNEMSUyNmFtcCUzQmF1dG9oaWRlJTNEMSUyNmFtcCUzQnNob3dpbmZvJTNEMCUyNmFtcCUzQmNvbnRyb2xzJTNEMCUyMiUyMGZyYW1lYm9yZGVyJTNEJTIyMCUyMiUyMGFsbG93JTNEJTIyYWNjZWxlcm9tZXRlciUzQiUyMGF1dG9wbGF5JTNCJTIwZW5jcnlwdGVkLW1lZGlhJTNCJTIwZ3lyb3Njb3BlJTNCJTIwcGljdHVyZS1pbi1waWN0dXJlJTIyJTIwYWxsb3dmdWxsc2NyZWVuJTNEJTIyJTIyJTNFJTNDJTJGaWZyYW1lJTNF[\/vc_raw_html][\/vc_column][\/vc_row][vc_row css=\u00a0\u00bb.vc_custom_1695060815317{margin-top: 100px !important;}\u00a0\u00bb][vc_column width=\u00a0\u00bb1\/2&Prime;][vc_single_image image=\u00a0\u00bb55&Prime; img_size=\u00a0\u00bbfull\u00a0\u00bb alignment=\u00a0\u00bbcenter\u00a0\u00bb][\/vc_column][vc_column width=\u00a0\u00bb1\/2&Prime;][vc_column_text]<span class=\"up-caps\">N<\/span>otre James est un beau gar\u00e7on en bonne sant\u00e9 et nous esp\u00e9rons qu&rsquo;il le restera pour toujours! Si c&rsquo;est le cas, \u00e0 son 25e anniversaire, nous <strong>allons r\u00e9cup\u00e9rer<\/strong> 75 % du montant vers\u00e9 pour sa police d&rsquo;assurance maladies graves &#8211; un joli <strong>montant libre d&rsquo;imp\u00f4t pour l&rsquo;aider \u00e0 s&rsquo;acheter<\/strong> sa premi\u00e8re voiture ou son premier condo.<\/p>\n<p>EN PRIME ! M\u00eame si nous r\u00e9cup\u00e9rons 75 % <strong>du montant pay\u00e9<\/strong>, James peut conserver sa police en tant qu&rsquo;adulte et b\u00e9n\u00e9ficier <strong>du m\u00eame bas co\u00fbt<\/strong> que nous avons obtenu pour lui en tant qu&rsquo;enfant.[\/vc_column_text][\/vc_column][\/vc_row][vc_row full_width=\u00a0\u00bbstretch_row_content\u00a0\u00bb css=\u00a0\u00bb.vc_custom_1695060607968{margin-top: 100px !important;}\u00a0\u00bb][vc_column width=\u00a0\u00bb1\/3&Prime;][vc_hoverbox image=\u00a0\u00bb57&Prime; primary_title=\u00a0\u00bbLibert\u00e9 financi\u00e8re\u00a0\u00bb hover_title=\u00a0\u00bbLibert\u00e9 financi\u00e8re\u00a0\u00bb hover_background_color=\u00a0\u00bbcustom\u00a0\u00bb hover_custom_background=\u00a0\u00bb#00cade\u00a0\u00bb]Remplacer le revenu du parent qui d\u00e9sire s&rsquo;absenter du travail pour prendre soin de son enfant[\/vc_hoverbox][\/vc_column][vc_column width=\u00a0\u00bb1\/3&Prime;][vc_hoverbox image=\u00a0\u00bb58&Prime; primary_title=\u00a0\u00bbProt\u00e9gez votre maison\u00a0\u00bb hover_title=\u00a0\u00bbProt\u00e9gez votre maison\u00a0\u00bb hover_background_color=\u00a0\u00bbcustom\u00a0\u00bb hover_custom_background=\u00a0\u00bb#00cade\u00a0\u00bb]R\u00e9duire votre dette hypoth\u00e9caire pendant que vous vous penchez sur le r\u00e9tablissement de votre enfant[\/vc_hoverbox][\/vc_column][vc_column width=\u00a0\u00bb1\/3&Prime;][vc_hoverbox image=\u00a0\u00bb59&Prime; primary_title=\u00a0\u00bbExpertise m\u00e9dicale\u00a0\u00bb hover_title=\u00a0\u00bbExpertise m\u00e9dicale\u00a0\u00bb hover_background_color=\u00a0\u00bbcustom\u00a0\u00bb hover_custom_background=\u00a0\u00bb#00cade\u00a0\u00bb]Acc\u00e8s \u00e0 des sp\u00e9cialistes renomm\u00e9s et \u00e0 une deuxi\u00e8me opinion m\u00e9dicale[\/vc_hoverbox][\/vc_column][\/vc_row][vc_row full_width=\u00a0\u00bbstretch_row_content\u00a0\u00bb css=\u00a0\u00bb.vc_custom_1695060561096{margin-top: 50px !important;}\u00a0\u00bb][vc_column width=\u00a0\u00bb1\/3&Prime;][vc_hoverbox image=\u00a0\u00bb60&Prime; primary_title=\u00a0\u00bbApprouv\u00e9 cadeau\u00a0\u00bb hover_title=\u00a0\u00bbApprouv\u00e9 cadeau\u00a0\u00bb hover_background_color=\u00a0\u00bbcustom\u00a0\u00bb hover_custom_background=\u00a0\u00bb#00cade\u00a0\u00bb]Grands-parents et parents : Oui, \u00e7a se donne en cadeau! #skipthetoys[\/vc_hoverbox][\/vc_column][vc_column width=\u00a0\u00bb1\/3&Prime;][vc_hoverbox image=\u00a0\u00bb61&Prime; primary_title=\u00a0\u00bbGrandit avec l&rsquo;enfant\u00a0\u00bb hover_title=\u00a0\u00bbGrandit avec l&rsquo;enfant\u00a0\u00bb hover_background_color=\u00a0\u00bbcustom\u00a0\u00bb hover_custom_background=\u00a0\u00bb#00cade\u00a0\u00bb]Couverture abordable et garantie \u00e0 vie[\/vc_hoverbox][\/vc_column][vc_column width=\u00a0\u00bb1\/3&Prime;][vc_hoverbox image=\u00a0\u00bb62&Prime; primary_title=\u00a0\u00bb30+ maladies couvertes\u00a0\u00bb hover_title=\u00a0\u00bb30+ maladies couvertes\u00a0\u00bb hover_background_color=\u00a0\u00bbcustom\u00a0\u00bb hover_custom_background=\u00a0\u00bb#00cade\u00a0\u00bb]Protection pour une longue liste de maladies. Certaines polices couvrent \u00e9galement l&rsquo;autisme.[\/vc_hoverbox][\/vc_column][\/vc_row][vc_row css=\u00a0\u00bb.vc_custom_1695060633965{margin-top: 100px !important;}\u00a0\u00bb][vc_column][vc_custom_heading text=\u00a0\u00bbRestons connect\u00e9!\u00a0\u00bb font_container=\u00a0\u00bbtag:h3|text_align:center\u00a0\u00bb google_fonts=\u00a0\u00bbfont_family:Pacifico%3Aregular|font_style:400%20regular%3A400%3Anormal\u00a0\u00bb][vc_text_separator title=\u00a0\u00bbContinuons la conversation.\u00a0\u00bb color=\u00a0\u00bbcustom\u00a0\u00bb accent_color=\u00a0\u00bb#00cade\u00a0\u00bb][vc_row_inner][vc_column_inner width=\u00a0\u00bb1\/2&Prime;][vc_column_text]<\/p>\n<div style=\"color: #00cade; text-align: right;\">FACEBOOK<\/div>\n<p style=\"text-align: right;\">Rejoignez-nous sur Facebook.<\/p>\n<p>[\/vc_column_text][vc_btn title=\u00a0\u00bbLike\u00a0\u00bb style=\u00a0\u00bbcustom\u00a0\u00bb custom_background=\u00a0\u00bb#00cade\u00a0\u00bb custom_text=\u00a0\u00bb#ffffff\u00a0\u00bb align=\u00a0\u00bbright\u00a0\u00bb link=\u00a0\u00bburl:https%3A%2F%2Fwww.facebook.com%2Fbonjourjamesins\u00a0\u00bb][\/vc_column_inner][vc_column_inner width=\u00a0\u00bb1\/2&Prime;][vc_column_text]<\/p>\n<div style=\"color: #00cade; text-align: left;\">INSTAGRAM<\/div>\n<p style=\"text-align: left;\">Suivez-nous sur Instagram.<\/p>\n<p>[\/vc_column_text][vc_btn title=\u00a0\u00bbFollow\u00a0\u00bb style=\u00a0\u00bbcustom\u00a0\u00bb custom_background=\u00a0\u00bb#00cade\u00a0\u00bb custom_text=\u00a0\u00bb#ffffff\u00a0\u00bb link=\u00a0\u00bburl:https%3A%2F%2Fwww.instagram.com%2Fbonjourjamesins\u00a0\u00bb][\/vc_column_inner][\/vc_row_inner][\/vc_column][\/vc_row]<\/p>\n<\/section>","protected":false},"excerpt":{"rendered":"<p>[vc_row full_width=\u00a0\u00bbstretch_row\u00a0\u00bb parallax=\u00a0\u00bbcontent-moving\u00a0\u00bb css=\u00a0\u00bb.vc_custom_1695054463352{padding-top: 150px !important;padding-bottom: 150px !important;background: #eaeaea url(https:\/\/bonjourjames.awsus3.cdn-alpha.com\/wp-content\/uploads\/2023\/09\/header-bg.jpg?id=43);background-position: center;background-repeat: no-repeat !important;background-size: cover !important;}\u00a0\u00bb][vc_column][vc_custom_heading text=\u00a0\u00bbASSURANCE MALADIES GRAVES\u00a0\u00bb font_container=\u00a0\u00bbtag:h1|font_size:118|text_align:right|color:%23ffffff\u00a0\u00bb use_theme_fonts=\u00a0\u00bbyes\u00a0\u00bb][vc_column_text el_class=\u00a0\u00bbheader2_white\u00a0\u00bb] La fa\u00e7on \u00e9clair\u00e9e de prot\u00e9ger vos enfants. [\/vc_column_text][vc_btn title=\u00a0\u00bbCONTINUER\u00a0\u00bb style=\u00a0\u00bboutline\u00a0\u00bb shape=\u00a0\u00bbround\u00a0\u00bb color=\u00a0\u00bbwhite\u00a0\u00bb align=\u00a0\u00bbright\u00a0\u00bb link=\u00a0\u00bburl:%23contact\u00a0\u00bb el_class=\u00a0\u00bbget_my_copy\u00a0\u00bb][\/vc_column][\/vc_row][vc_row full_width=\u00a0\u00bbstretch_row\u00a0\u00bb css=\u00a0\u00bb.vc_custom_1695061673250{background-color: #00cade !important;}\u00a0\u00bb el_id=\u00a0\u00bbcontact\u00a0\u00bb][vc_column width=\u00a0\u00bb1\/2&Prime;][vc_column_text]Soyez pr\u00eat advenant le diagnostic d&rsquo;une maladie grave. Si votre enfant ne tombe pas&#8230;<\/p>\n","protected":false},"author":1,"featured_media":0,"parent":0,"menu_order":0,"comment_status":"closed","ping_status":"open","template":"","meta":{"_kad_post_transparent":"default","_kad_post_title":"hide","_kad_post_layout":"default","_kad_post_sidebar_id":"","_kad_post_content_style":"default","_kad_post_vertical_padding":"default","_kad_post_feature":"","_kad_post_feature_position":"","_kad_post_header":false,"_kad_post_footer":false,"footnotes":""},"class_list":["post-122","page","type-page","status-publish","hentry"],"aioseo_notices":[],"_links":{"self":[{"href":"https:\/\/www.bonjourjames.com\/fr\/wp-json\/wp\/v2\/pages\/122","targetHints":{"allow":["GET"]}}],"collection":[{"href":"https:\/\/www.bonjourjames.com\/fr\/wp-json\/wp\/v2\/pages"}],"about":[{"href":"https:\/\/www.bonjourjames.com\/fr\/wp-json\/wp\/v2\/types\/page"}],"author":[{"embeddable":true,"href":"https:\/\/www.bonjourjames.com\/fr\/wp-json\/wp\/v2\/users\/1"}],"replies":[{"embeddable":true,"href":"https:\/\/www.bonjourjames.com\/fr\/wp-json\/wp\/v2\/comments?post=122"}],"version-history":[{"count":8,"href":"https:\/\/www.bonjourjames.com\/fr\/wp-json\/wp\/v2\/pages\/122\/revisions"}],"predecessor-version":[{"id":211,"href":"https:\/\/www.bonjourjames.com\/fr\/wp-json\/wp\/v2\/pages\/122\/revisions\/211"}],"wp:attachment":[{"href":"https:\/\/www.bonjourjames.com\/fr\/wp-json\/wp\/v2\/media?parent=122"}],"curies":[{"name":"wp","href":"https:\/\/api.w.org\/{rel}","templated":true}]}}